{"id":27,"date":"2025-04-04T11:24:18","date_gmt":"2025-04-04T11:24:18","guid":{"rendered":"http:\/\/nerding.at\/circular_blue\/?page_id=27"},"modified":"2025-04-29T17:43:41","modified_gmt":"2025-04-29T17:43:41","slug":"indigo-plants","status":"publish","type":"page","link":"https:\/\/nerding.at\/circular_blue\/indigo-plants\/","title":{"rendered":"Indigo Plants"},"content":{"rendered":"\n<p>There are many species of plants that contain Indican (precursor of indigo\/indigotin), and they are cultivated worldwide to extract the blue colors.<\/p>\n\n\n\n<figure class=\"wp-block-gallery has-nested-images columns-default is-cropped wp-block-gallery-1 is-layout-flex\">\n<figure class=\"wp-block-image size-large\"><a href=\"http:\/\/nerding.at\/circular_blue\/wp-content\/uploads\/2025\/04\/Indigofera_tinctoria1.jpg\"><img decoding=\"async\" loading=\"lazy\" width=\"640\" height=\"480\" data-id=\"28\"  src=\"http:\/\/nerding.at\/circular_blue\/wp-content\/uploads\/2025\/04\/Indigofera_tinctoria1.jpg\" alt=\"\" class=\"wp-image-28\" srcset=\"https:\/\/nerding.at\/circular_blue\/wp-content\/uploads\/2025\/04\/Indigofera_tinctoria1.jpg 640w, https:\/\/nerding.at\/circular_blue\/wp-content\/uploads\/2025\/04\/Indigofera_tinctoria1-300x225.jpg 300w\" sizes=\"(max-width: 640px) 100vw, 640px\" \/><\/a><\/figure>\n\n\n\n<figure class=\"wp-block-image size-large\"><a href=\"http:\/\/nerding.at\/circular_blue\/wp-content\/uploads\/2025\/04\/Isatis_tinctoria_s._str._sl5-scaled.jpg\"><img decoding=\"async\" loading=\"lazy\" width=\"1024\" height=\"768\" data-id=\"30\"  src=\"http:\/\/nerding.at\/circular_blue\/wp-content\/uploads\/2025\/04\/Isatis_tinctoria_s._str._sl5-1024x768.jpg\" alt=\"\" class=\"wp-image-30\" srcset=\"https:\/\/nerding.at\/circular_blue\/wp-content\/uploads\/2025\/04\/Isatis_tinctoria_s._str._sl5-1024x768.jpg 1024w, https:\/\/nerding.at\/circular_blue\/wp-content\/uploads\/2025\/04\/Isatis_tinctoria_s._str._sl5-300x225.jpg 300w, https:\/\/nerding.at\/circular_blue\/wp-content\/uploads\/2025\/04\/Isatis_tinctoria_s._str._sl5-768x576.jpg 768w, https:\/\/nerding.at\/circular_blue\/wp-content\/uploads\/2025\/04\/Isatis_tinctoria_s._str._sl5-1536x1152.jpg 1536w, https:\/\/nerding.at\/circular_blue\/wp-content\/uploads\/2025\/04\/Isatis_tinctoria_s._str._sl5-2048x1536.jpg 2048w\" sizes=\"(max-width: 1024px) 100vw, 1024px\" \/><\/a><\/figure>\n\n\n\n<figure class=\"wp-block-image size-large\"><a href=\"http:\/\/nerding.at\/circular_blue\/wp-content\/uploads\/2025\/04\/IMG_7521-scaled.jpg\"><img decoding=\"async\" loading=\"lazy\" width=\"1024\" height=\"768\" data-id=\"32\"  src=\"http:\/\/nerding.at\/circular_blue\/wp-content\/uploads\/2025\/04\/IMG_7521-1024x768.jpg\" alt=\"\" class=\"wp-image-32\" srcset=\"https:\/\/nerding.at\/circular_blue\/wp-content\/uploads\/2025\/04\/IMG_7521-1024x768.jpg 1024w, https:\/\/nerding.at\/circular_blue\/wp-content\/uploads\/2025\/04\/IMG_7521-300x225.jpg 300w, https:\/\/nerding.at\/circular_blue\/wp-content\/uploads\/2025\/04\/IMG_7521-768x576.jpg 768w, https:\/\/nerding.at\/circular_blue\/wp-content\/uploads\/2025\/04\/IMG_7521-1536x1152.jpg 1536w, https:\/\/nerding.at\/circular_blue\/wp-content\/uploads\/2025\/04\/IMG_7521-2048x1536.jpg 2048w\" sizes=\"(max-width: 1024px) 100vw, 1024px\" \/><\/a><\/figure>\n<\/figure>\n\n\n\n<p class=\"has-small-font-size\"><em>From Left, Indigofera Tinctoria (image from wikipedia), Isatis Tinctoria (image from wikipedia), Persicaria Tinctoria (image from mika)<\/em><\/p>\n\n\n\n<p><strong><a href=\"https:\/\/en.wikipedia.org\/wiki\/Indigofera_tinctoria\">Indigofera Tinctoria<\/a><\/strong> (true indigo) is a species of plant from the bean family. It is cultivated in India and southeast Asia to extract Indigo. The native range of this species is tropical West Africa,South Africa and the Indian subcontinent to Mainland Southeast Asia and it requires a tropical climate. It contains the most indigo among all the indigo containing plants.<\/p>\n\n\n\n<p><strong><a href=\"https:\/\/en.wikipedia.org\/wiki\/Indigofera_suffruticosa\">Indigofera suffruticosa<\/a><\/strong> (Guatemalan indigo, anil)&nbsp; is a flowering plant in the pea family, Fabaceae. Anil is native to the subtropical and tropical Americas. It is an erect branching shrub growing to 1m tall with pinnate leaves, and is commonly found growing in dry, highly disturbed areas such as roadsides and fallow fields.<\/p>\n\n\n\n<p><strong><a href=\"https:\/\/en.wikipedia.org\/wiki\/Strobilanthes_cusia\">Strobilanthes Cusia<\/a><\/strong> is a perennial flowering plant of the family Acanthaceae. Native to South Asia, China, and Indochina, it was historically cultivated on a large scale in India and China as a source of indigo dye. It requires a tropical moist climate.<\/p>\n\n\n\n<p><strong><a href=\"https:\/\/en.wikipedia.org\/wiki\/Isatis_tinctoria\">Isatis Tinctoria<\/a><\/strong> (woad, f\u00e4rberweid, pastel) is a flowering Biennial plant in the family Brassicaceae, native to South-Eastern and Central Europe and it has been cultivated widely for the use as a blue dye source. However the concentration of indigo in the plant is significantly lower than the other species.<\/p>\n\n\n\n<p><strong><a href=\"https:\/\/en.wikipedia.org\/wiki\/Persicaria_tinctoria\">Persicaria Tinctoria<\/a><\/strong> ( Chinese indigo, Japanese Indigo, Tade Ai, dyer&#8217;s knotweed, F\u00e4rber Kn\u00f6terich)&nbsp; is a species of flowering plant in the buckwheat family. Annual plant. It is native to Eastern Europe and Asia. Colour is extracted through water extraction or by composting leaves called &#8220;Sukumo&#8221;. It does not contain indigo as much as Indigofera, but it contains more than Isatis. Suitable for a temperate climate.<\/p>\n\n\n\n<p>Circular Blue project plans to grow both the <strong>Persicaria Tinctoria<\/strong> and <strong>Isatis Tinctoria<\/strong> at the Elisabeet. Both of the plants suits well with the Berlin temperate climate region.<\/p>\n\n\n\n<div style=\"height:49px\" aria-hidden=\"true\" class=\"wp-block-spacer\"><\/div>\n","protected":false},"excerpt":{"rendered":"<p>There are many species of plants that contain Indican (precursor of indigo\/indigotin), and they are cultivated worldwide to extract the blue colors. From Left, Indigofera Tinctoria (image from wikipedia), Isatis Tinctoria (image from wikipedia), Persicaria Tinctoria (image from mika) Indigofera Tinctoria (true indigo) is a species of plant from the bean family. It is cultivated&hellip;&nbsp;<a href=\"https:\/\/nerding.at\/circular_blue\/indigo-plants\/\" class=\"\" rel=\"bookmark\">Read More &raquo;<span class=\"screen-reader-text\">Indigo Plants<\/span><\/a><\/p>\n","protected":false},"author":1,"featured_media":32,"parent":0,"menu_order":0,"comment_status":"closed","ping_status":"closed","template":"","meta":{"_en_post_content":"<!-- wp:paragraph -->\n<p>There are many species of plants that contain Indican (precursor of indigo\/indigotin), and they are cultivated worldwide to extract the blue colors.<\/p>\n<!-- \/wp:paragraph -->\n\n<!-- wp:gallery {\"linkTo\":\"none\"} -->\n<figure class=\"wp-block-gallery has-nested-images columns-default is-cropped\"><!-- wp:image {\"id\":28,\"sizeSlug\":\"large\",\"linkDestination\":\"media\"} -->\n<figure class=\"wp-block-image size-large\"><a href=\"http:\/\/nerding.at\/circular_blue\/wp-content\/uploads\/2025\/04\/Indigofera_tinctoria1.jpg\"><img src=\"http:\/\/nerding.at\/circular_blue\/wp-content\/uploads\/2025\/04\/Indigofera_tinctoria1.jpg\" alt=\"\" class=\"wp-image-28\"\/><\/a><\/figure>\n<!-- \/wp:image -->\n\n<!-- wp:image {\"id\":30,\"sizeSlug\":\"large\",\"linkDestination\":\"media\"} -->\n<figure class=\"wp-block-image size-large\"><a href=\"http:\/\/nerding.at\/circular_blue\/wp-content\/uploads\/2025\/04\/Isatis_tinctoria_s._str._sl5-scaled.jpg\"><img src=\"http:\/\/nerding.at\/circular_blue\/wp-content\/uploads\/2025\/04\/Isatis_tinctoria_s._str._sl5-1024x768.jpg\" alt=\"\" class=\"wp-image-30\"\/><\/a><\/figure>\n<!-- \/wp:image -->\n\n<!-- wp:image {\"id\":32,\"sizeSlug\":\"large\",\"linkDestination\":\"media\"} -->\n<figure class=\"wp-block-image size-large\"><a href=\"http:\/\/nerding.at\/circular_blue\/wp-content\/uploads\/2025\/04\/IMG_7521-scaled.jpg\"><img src=\"http:\/\/nerding.at\/circular_blue\/wp-content\/uploads\/2025\/04\/IMG_7521-1024x768.jpg\" alt=\"\" class=\"wp-image-32\"\/><\/a><\/figure>\n<!-- \/wp:image --><\/figure>\n<!-- \/wp:gallery -->\n\n<!-- wp:paragraph {\"fontSize\":\"small\"} -->\n<p class=\"has-small-font-size\"><em>From Left, Indigofera Tinctoria (image from wikipedia), Isatis Tinctoria (image from wikipedia), Persicaria Tinctoria (image from mika)<\/em><\/p>\n<!-- \/wp:paragraph -->\n\n<!-- wp:paragraph -->\n<p><strong><a href=\"https:\/\/en.wikipedia.org\/wiki\/Indigofera_tinctoria\">Indigofera Tinctoria<\/a><\/strong> (true indigo) is a species of plant from the bean family. It is cultivated in India and southeast Asia to extract Indigo. The native range of this species is tropical West Africa,South Africa and the Indian subcontinent to Mainland Southeast Asia and it requires a tropical climate. It contains the most indigo among all the indigo containing plants.<\/p>\n<!-- \/wp:paragraph -->\n\n<!-- wp:paragraph -->\n<p><strong><a href=\"https:\/\/en.wikipedia.org\/wiki\/Indigofera_suffruticosa\">Indigofera suffruticosa<\/a><\/strong> (Guatemalan indigo, anil)&nbsp; is a flowering plant in the pea family, Fabaceae. Anil is native to the subtropical and tropical Americas. It is an erect branching shrub growing to 1m tall with pinnate leaves, and is commonly found growing in dry, highly disturbed areas such as roadsides and fallow fields.<\/p>\n<!-- \/wp:paragraph -->\n\n<!-- wp:paragraph -->\n<p><strong><a href=\"https:\/\/en.wikipedia.org\/wiki\/Strobilanthes_cusia\">Strobilanthes Cusia<\/a><\/strong> is a perennial flowering plant of the family Acanthaceae. Native to South Asia, China, and Indochina, it was historically cultivated on a large scale in India and China as a source of indigo dye. It requires a tropical moist climate.<\/p>\n<!-- \/wp:paragraph -->\n\n<!-- wp:paragraph -->\n<p><strong><a href=\"https:\/\/en.wikipedia.org\/wiki\/Isatis_tinctoria\">Isatis Tinctoria<\/a><\/strong> (woad, f\u00e4rberweid, pastel) is a flowering Biennial plant in the family Brassicaceae, native to South-Eastern and Central Europe and it has been cultivated widely for the use as a blue dye source. However the concentration of indigo in the plant is significantly lower than the other species.<\/p>\n<!-- \/wp:paragraph -->\n\n<!-- wp:paragraph -->\n<p><strong><a href=\"https:\/\/en.wikipedia.org\/wiki\/Persicaria_tinctoria\">Persicaria Tinctoria<\/a><\/strong> ( Chinese indigo, Japanese Indigo, Tade Ai, dyer's knotweed, F\u00e4rber Kn\u00f6terich)&nbsp; is a species of flowering plant in the buckwheat family. Annual plant. It is native to Eastern Europe and Asia. Colour is extracted through water extraction or by composting leaves called \"Sukumo\". It does not contain indigo as much as Indigofera, but it contains more than Isatis. Suitable for a temperate climate.<\/p>\n<!-- \/wp:paragraph -->\n\n<!-- wp:paragraph -->\n<p>Circular Blue project plans to grow both the <strong>Persicaria Tinctoria<\/strong> and <strong>Isatis Tinctoria<\/strong> at the Elisabeet. Both of the plants suits well with the Berlin temperate climate region.<\/p>\n<!-- \/wp:paragraph -->\n\n<!-- wp:spacer {\"height\":\"49px\"} -->\n<div style=\"height:49px\" aria-hidden=\"true\" class=\"wp-block-spacer\"><\/div>\n<!-- \/wp:spacer -->","_en_post_name":"indigo-plants","_en_post_excerpt":"","_en_post_title":"Indigo Plants","_de_post_content":"<!-- wp:paragraph -->\n<p>Es gibt viele Pflanzenarten, die Indican (Vorl\u00e4ufer von Indigo\/Indigotin) enthalten, und sie werden weltweit angebaut, um die blauen Farbstoffe zu gewinnen.<\/p>\n<!-- \/wp:paragraph -->\n\n<!-- wp:gallery {\"linkTo\":\"none\"} -->\n<figure class=\"wp-block-gallery has-nested-images columns-default is-cropped\"><!-- wp:image {\"id\":28,\"sizeSlug\":\"large\",\"linkDestination\":\"media\"} -->\n<figure class=\"wp-block-image size-large\"><a href=\"http:\/\/nerding.at\/circular_blue\/wp-content\/uploads\/2025\/04\/Indigofera_tinctoria1.jpg\"><img src=\"http:\/\/nerding.at\/circular_blue\/wp-content\/uploads\/2025\/04\/Indigofera_tinctoria1.jpg\" alt=\"\" class=\"wp-image-28\"\/><\/a><\/figure>\n<!-- \/wp:image -->\n\n<!-- wp:image {\"id\":30,\"sizeSlug\":\"large\",\"linkDestination\":\"media\"} -->\n<figure class=\"wp-block-image size-large\"><a href=\"http:\/\/nerding.at\/circular_blue\/wp-content\/uploads\/2025\/04\/Isatis_tinctoria_s._str._sl5-scaled.jpg\"><img src=\"http:\/\/nerding.at\/circular_blue\/wp-content\/uploads\/2025\/04\/Isatis_tinctoria_s._str._sl5-1024x768.jpg\" alt=\"\" class=\"wp-image-30\"\/><\/a><\/figure>\n<!-- \/wp:image -->\n\n<!-- wp:image {\"id\":32,\"sizeSlug\":\"large\",\"linkDestination\":\"media\"} -->\n<figure class=\"wp-block-image size-large\"><a href=\"http:\/\/nerding.at\/circular_blue\/wp-content\/uploads\/2025\/04\/IMG_7521-scaled.jpg\"><img src=\"http:\/\/nerding.at\/circular_blue\/wp-content\/uploads\/2025\/04\/IMG_7521-1024x768.jpg\" alt=\"\" class=\"wp-image-32\"\/><\/a><\/figure>\n<!-- \/wp:image --><\/figure>\n<!-- \/wp:gallery -->\n\n<!-- wp:paragraph {\"fontSize\":\"small\"} -->\n<p class=\"has-small-font-size\"><em>From Left, Indigofera Tinctoria (image from wikipedia), Isatis Tinctoria (image from wikipedia), Persicaria Tinctoria (image from mika)<\/em><\/p>\n<!-- \/wp:paragraph -->\n\n<!-- wp:paragraph -->\n<p><strong><a href=\"https:\/\/en.wikipedia.org\/wiki\/Indigofera_tinctoria\">Indigofera Tinctoria<\/a><\/strong> (true indigo) ist eine Pflanzenart aus der Familie der Bohnengew\u00e4chse. Sie wird in Indien und S\u00fcdostasien zur Indigogewinnung angebaut. Ihr Verbreitungsgebiet erstreckt sich vom tropischen Westafrika, S\u00fcdafrika und dem indischen Subkontinent bis hin zum s\u00fcdostasiatischen Festland und erfordert tropisches Klima. Von allen indigohaltigen Pflanzen ist sie die indigoreichste Pflanze.<\/p>\n<!-- \/wp:paragraph -->\n\n<!-- wp:paragraph -->\n<p><strong><a href=\"https:\/\/en.wikipedia.org\/wiki\/Indigofera_suffruticosa\">Indigofera suffruticosa<\/a><\/strong> (Guatemalan indigo, anil) ist eine Bl\u00fctenpflanze aus der Familie der H\u00fclsenfr\u00fcchtler (Fabaceae). Anil ist in den subtropischen und tropischen Regionen des amerikanischen Kontinents heimisch. Es ist ein aufrecht stehender, verzweigter Strauch mit gefiederten Bl\u00e4ttern, der bis zu 1\u00a0m hoch wird und h\u00e4ufig in trockenen, stark gest\u00f6rten Gebieten wie Stra\u00dfenr\u00e4ndern und Brachfeldern w\u00e4chst.<\/p>\n<!-- \/wp:paragraph -->\n\n<!-- wp:paragraph -->\n<p><strong><a href=\"https:\/\/en.wikipedia.org\/wiki\/Strobilanthes_cusia\">Strobilanthes Cusia<\/a><\/strong> ist eine mehrj\u00e4hrige Bl\u00fctenpflanze aus der Familie der Acanthaceae. Sie stammt urspr\u00fcnglich aus S\u00fcdasien, China und Indochina und wurde fr\u00fcher in Indien und China gro\u00dffl\u00e4chig als Indigofarbstoff angebaut. Sie ben\u00f6tigt ein tropisches, feuchtes Klima.<\/p>\n<!-- \/wp:paragraph -->\n\n<!-- wp:paragraph -->\n<p><strong><a href=\"https:\/\/en.wikipedia.org\/wiki\/Isatis_tinctoria\">Isatis Tinctoria<\/a><\/strong> (woad, f\u00e4rberweid, pastel) ist eine zweij\u00e4hrige Pflanze aus der Familie der Kreuzbl\u00fctler (Brassicaceae), die in S\u00fcdost- und Mitteleuropa beheimatet ist und als blauer Farbstoff weit verbreitet angebaut wird. Der Indigogehalt der Pflanze ist jedoch deutlich geringer als bei anderen Arten.<\/p>\n<!-- \/wp:paragraph -->\n\n<!-- wp:paragraph -->\n<p><strong><a href=\"https:\/\/en.wikipedia.org\/wiki\/Persicaria_tinctoria\">Persicaria Tinctoria<\/a><\/strong> ( Chinese indigo, Japanese Indigo, Tade Ai, dyer's knotweed, F\u00e4rber Kn\u00f6terich)\u00a0ist eine Pflanzenart aus der Familie der Kn\u00f6terichgew\u00e4chse. Einj\u00e4hrige Pflanze. Heimisch in Osteuropa und Asien. Die Farbe wird durch Wasserextraktion oder durch Kompostierung der Bl\u00e4tter, genannt \u201eSukumo\u201c, gewonnen. Der Indigogehalt ist nicht so hoch wie bei Indigofera, aber h\u00f6her als bei Isatis. Geeignet f\u00fcr gem\u00e4\u00dfigtes Klima.<\/p>\n<!-- \/wp:paragraph -->\n\n<!-- wp:paragraph -->\n<p>Das Projekt Circular Blue plant, sowohl <strong>Persicaria Tinctoria<\/strong> als auch<strong> Isatis Tinctoria<\/strong> im Elisabeet anzubauen. Beide Pflanzen eignen sich gut f\u00fcr die gem\u00e4\u00dfigte Klimaregion Berlins.<\/p>\n<!-- \/wp:paragraph -->\n\n<!-- wp:spacer {\"height\":\"49px\"} -->\n<div style=\"height:49px\" aria-hidden=\"true\" class=\"wp-block-spacer\"><\/div>\n<!-- \/wp:spacer -->","_de_post_name":"","_de_post_excerpt":"","_de_post_title":"","edit_language":"en","neve_meta_sidebar":"default","neve_meta_container":"","neve_meta_enable_content_width":"off","neve_meta_content_width":100,"neve_meta_title_alignment":"","neve_meta_author_avatar":"","neve_post_elements_order":"","neve_meta_disable_header":"","neve_meta_disable_footer":"","neve_meta_disable_title":""},"_links":{"self":[{"href":"https:\/\/nerding.at\/circular_blue\/wp-json\/wp\/v2\/pages\/27"}],"collection":[{"href":"https:\/\/nerding.at\/circular_blue\/wp-json\/wp\/v2\/pages"}],"about":[{"href":"https:\/\/nerding.at\/circular_blue\/wp-json\/wp\/v2\/types\/page"}],"author":[{"embeddable":true,"href":"https:\/\/nerding.at\/circular_blue\/wp-json\/wp\/v2\/users\/1"}],"replies":[{"embeddable":true,"href":"https:\/\/nerding.at\/circular_blue\/wp-json\/wp\/v2\/comments?post=27"}],"version-history":[{"count":10,"href":"https:\/\/nerding.at\/circular_blue\/wp-json\/wp\/v2\/pages\/27\/revisions"}],"predecessor-version":[{"id":290,"href":"https:\/\/nerding.at\/circular_blue\/wp-json\/wp\/v2\/pages\/27\/revisions\/290"}],"wp:featuredmedia":[{"embeddable":true,"href":"https:\/\/nerding.at\/circular_blue\/wp-json\/wp\/v2\/media\/32"}],"wp:attachment":[{"href":"https:\/\/nerding.at\/circular_blue\/wp-json\/wp\/v2\/media?parent=27"}],"curies":[{"name":"wp","href":"https:\/\/api.w.org\/{rel}","templated":true}]}}